{"id":47,"date":"2022-03-30T00:17:12","date_gmt":"2022-03-30T00:17:12","guid":{"rendered":"https:\/\/hayta.org\/?page_id=47"},"modified":"2022-03-30T00:17:12","modified_gmt":"2022-03-30T00:17:12","slug":"iletisim","status":"publish","type":"page","link":"https:\/\/hayta.org\/?page_id=47","title":{"rendered":"\u0130leti\u015fim"},"content":{"rendered":"\n<h3 class=\"wp-block-heading\">Hayta.ORG <code>ailesi olarak \u00f6nerilere her daim a\u00e7\u0131k oldu\u011fumuzu bilmenizi isteriz.<\/code><em>Soru, \u00d6neri, \u0130stek, \u015eikayet ve di\u011fer t\u00fcm konularla ilgili bize ula\u015fabilirsiniz.\u0130leti\u015fim<\/em>: iletisim@Hayta.Org <em>Sohbet sunucumuzdanda bize ula\u015fabilece\u011finizi biliyor muydunuz ?Sohbet portal\u0131m\u0131za girip #operhelp kanal\u0131ndan bize an\u0131nda ula\u015fabilirsiniz.Hayta.Org Y\u00f6netim.<\/em><\/h3>\n\n\n\n<p><\/p>\n","protected":false},"excerpt":{"rendered":"<p>Hayta.ORG ailesi olarak \u00f6nerilere her daim a\u00e7\u0131k oldu\u011fumuzu bilmenizi isteriz.Soru, \u00d6neri, \u0130stek, \u015eikayet ve di\u011fer t\u00fcm konularla ilgili bize ula\u015fabilirsiniz.\u0130leti\u015fim: iletisim@Hayta.Org Sohbet sunucumuzdanda bize ula\u015fabilece\u011finizi biliyor muydunuz ?Sohbet portal\u0131m\u0131za girip&#8230;<\/p>\n","protected":false},"author":2,"featured_media":0,"parent":0,"menu_order":0,"comment_status":"closed","ping_status":"closed","template":"","meta":{"_mi_skip_tracking":false,"_monsterinsights_sitenote_active":false,"_monsterinsights_sitenote_note":"","_monsterinsights_sitenote_category":0,"footnotes":""},"class_list":["post-47","page","type-page","status-publish","hentry"],"_links":{"self":[{"href":"https:\/\/hayta.org\/index.php?rest_route=\/wp\/v2\/pages\/47","targetHints":{"allow":["GET"]}}],"collection":[{"href":"https:\/\/hayta.org\/index.php?rest_route=\/wp\/v2\/pages"}],"about":[{"href":"https:\/\/hayta.org\/index.php?rest_route=\/wp\/v2\/types\/page"}],"author":[{"embeddable":true,"href":"https:\/\/hayta.org\/index.php?rest_route=\/wp\/v2\/users\/2"}],"replies":[{"embeddable":true,"href":"https:\/\/hayta.org\/index.php?rest_route=%2Fwp%2Fv2%2Fcomments&post=47"}],"version-history":[{"count":1,"href":"https:\/\/hayta.org\/index.php?rest_route=\/wp\/v2\/pages\/47\/revisions"}],"predecessor-version":[{"id":48,"href":"https:\/\/hayta.org\/index.php?rest_route=\/wp\/v2\/pages\/47\/revisions\/48"}],"wp:attachment":[{"href":"https:\/\/hayta.org\/index.php?rest_route=%2Fwp%2Fv2%2Fmedia&parent=47"}],"curies":[{"name":"wp","href":"https:\/\/api.w.org\/{rel}","templated":true}]}}