{"id":43,"date":"2022-03-30T00:12:06","date_gmt":"2022-03-30T00:12:06","guid":{"rendered":"https:\/\/hayta.org\/?page_id=43"},"modified":"2022-03-30T00:12:06","modified_gmt":"2022-03-30T00:12:06","slug":"hakkimizda","status":"publish","type":"page","link":"https:\/\/hayta.org\/?page_id=43","title":{"rendered":"Hakk\u0131m\u0131zda"},"content":{"rendered":"\n<p>Hayta.ORG 2014 y\u0131l\u0131n da siz de\u011ferli kullan\u0131c\u0131lar\u0131m\u0131z\u0131n hizmetine a\u00e7\u0131lm\u0131\u015ft\u0131r.<br>Devaml\u0131 kendini yenileyen yap\u0131s\u0131 ve sundu\u011fu olanaklar ile Hayta\u2019in amac\u0131 hizmet verdi\u011fi web \/ mobil tabanl\u0131 IRC A\u011flar\u0131 aras\u0131nda en iyi olmak ve elbette ki kullan\u0131c\u0131lar\u0131n\u0131n kendilerini evlerinde hissetmesini sa\u011flayacak kaliteli bir sohbet platform olu\u015fturmakt\u0131r. Ve sizler, yani ziyaret\u00e7ilerimiz sayesinde 4 y\u0131ld\u0131r T\u00fcrkiye\u2019nin en \u00e7ok ziyaret edilen sohbet sitesi olarak bu ama\u00e7lar\u0131m\u0131z\u0131 ba\u015farm\u0131\u015f olman\u0131n gururunu ya\u015f\u0131yoruz.<\/p>\n\n\n\n<p><strong>Misyonumuz<\/strong><br>Hayta.ORG ailesi olarak; a\u011f\u0131m\u0131za kat\u0131lan herkezin sa\u011fl\u0131kl\u0131, nezih ve adil bir ortamda yeni insanlarla tan\u0131\u015f\u0131p sohbet etmenin hakk\u0131 oldu\u011funu d\u00fc\u015f\u00fcn\u00fcyoruz. Y\u00f6netim kadromuz ve departmanlar\u0131m\u0131z bu amac \u00fczerinde faaliyet g\u00f6stermektedir.<\/p>\n\n\n\n<p><strong>Vizyonumuz<\/strong><br>Yenilik\u00e7i, ak\u0131lc\u0131, ilkeli ve sorumlu yakla\u015f\u0131m\u0131m\u0131zla b\u00f6lgemizde lider sohbet a\u011f\u0131 oldu\u011fumuz gibi d\u00fcnya \u00e7ap\u0131nda da sayg\u0131n bir konuma gelmek.<\/p>\n\n\n\n<p><strong>7\/24 Destek<\/strong><br>Her zaman Hayta y\u00f6neticiler sizin i\u00e7in destek vermeye haz\u0131rd\u0131r. Sorun ya\u015fayan veya destek isteyen kullan\u0131c\u0131lar i\u00e7in 7\/24 destek imkan\u0131 sunmaktay\u0131z. Ya\u015fayaca\u011f\u0131n\u0131z t\u00fcm sorunlar i\u00e7in l\u00fctfen bizimle ileti\u015fime ge\u00e7iniz.<\/p>\n","protected":false},"excerpt":{"rendered":"<p>Hayta.ORG 2014 y\u0131l\u0131n da siz de\u011ferli kullan\u0131c\u0131lar\u0131m\u0131z\u0131n hizmetine a\u00e7\u0131lm\u0131\u015ft\u0131r.Devaml\u0131 kendini yenileyen yap\u0131s\u0131 ve sundu\u011fu olanaklar ile Hayta\u2019in amac\u0131 hizmet verdi\u011fi web \/ mobil tabanl\u0131 IRC A\u011flar\u0131 aras\u0131nda en iyi olmak&#8230;<\/p>\n","protected":false},"author":2,"featured_media":0,"parent":0,"menu_order":0,"comment_status":"closed","ping_status":"closed","template":"","meta":{"_mi_skip_tracking":false,"_monsterinsights_sitenote_active":false,"_monsterinsights_sitenote_note":"","_monsterinsights_sitenote_category":0,"footnotes":""},"class_list":["post-43","page","type-page","status-publish","hentry"],"_links":{"self":[{"href":"https:\/\/hayta.org\/index.php?rest_route=\/wp\/v2\/pages\/43","targetHints":{"allow":["GET"]}}],"collection":[{"href":"https:\/\/hayta.org\/index.php?rest_route=\/wp\/v2\/pages"}],"about":[{"href":"https:\/\/hayta.org\/index.php?rest_route=\/wp\/v2\/types\/page"}],"author":[{"embeddable":true,"href":"https:\/\/hayta.org\/index.php?rest_route=\/wp\/v2\/users\/2"}],"replies":[{"embeddable":true,"href":"https:\/\/hayta.org\/index.php?rest_route=%2Fwp%2Fv2%2Fcomments&post=43"}],"version-history":[{"count":1,"href":"https:\/\/hayta.org\/index.php?rest_route=\/wp\/v2\/pages\/43\/revisions"}],"predecessor-version":[{"id":44,"href":"https:\/\/hayta.org\/index.php?rest_route=\/wp\/v2\/pages\/43\/revisions\/44"}],"wp:attachment":[{"href":"https:\/\/hayta.org\/index.php?rest_route=%2Fwp%2Fv2%2Fmedia&parent=43"}],"curies":[{"name":"wp","href":"https:\/\/api.w.org\/{rel}","templated":true}]}}